{"id":2841,"date":"2021-06-15T08:24:57","date_gmt":"2021-06-15T08:24:57","guid":{"rendered":"https:\/\/nanniottica.it\/?page_id=2841"},"modified":"2021-06-28T19:37:54","modified_gmt":"2021-06-28T19:37:54","slug":"domande-e-curiosita","status":"publish","type":"page","link":"https:\/\/nanniottica.it\/index.php\/domande-e-curiosita\/","title":{"rendered":"Domande e curiosit\u00e0"},"content":{"rendered":"<p>[vc_row][vc_column]<header class=\"thememount-heading-wrapper thememount-heading-wrapper-align-center\"><div class=\"thememount-heading-wrapper-inner\"><h2 class=\"thememount-heading-align-center\"><span>DOMANDE FREQUENTI<\/span><\/h2><\/div><\/header>[\/vc_column][\/vc_row][vc_row bgtype=&#8221;grey&#8221;][vc_column width=&#8221;1\/2&#8243;][vc_single_image image=&#8221;2535&#8243; img_size=&#8221;500*800&#8243; alignment=&#8221;center&#8221; style=&#8221;vc_box_shadow_3d&#8221; css_animation=&#8221;zoomIn&#8221;][\/vc_column][vc_column width=&#8221;1\/2&#8243;][vc_toggle title=&#8221;Qual \u00e8 La differenza tra lenti a contatto a ricambio frequente e lenti a contatto a uso prolungato?&#8221; style=&#8221;round_outline&#8221; color=&#8221;turquoise&#8221; size=&#8221;lg&#8221; open=&#8221;true&#8221; custom_font_container=&#8221;tag:h2|text_align:left|color:%23000000&#8243; custom_use_theme_fonts=&#8221;yes&#8221; use_custom_heading=&#8221;true&#8221;]<\/p>\n<h4>Le lenti a contatto giornaliere come suggerisce il termine sono delle lenti a contatto monouso, pratiche e si cestinano a fine giornata senza bisogno di una particolare manutenzione a differenza di quelle mensili o ad uso prolungato che si riutilizzano per pi\u00f9 tempo fino alla scadenza dei termini. La lente a contatto giornaliere ha come grande vantaggio di fare indossare al portatore un prodotto sempre nuovo e pulito, quindi pi\u00f9 igienico e tollerabile per i nostri occhi.<\/h4>\n<p>[\/vc_toggle][vc_separator style=&#8221;shadow&#8221; border_width=&#8221;4&#8243;][vc_toggle title=&#8221;Sono astigmatico. Posso portare le lenti a contatto?&#8221; style=&#8221;round_outline&#8221; color=&#8221;turquoise&#8221; size=&#8221;lg&#8221; custom_font_container=&#8221;tag:h2|text_align:left|color:%231e73be&#8221; custom_use_theme_fonts=&#8221;yes&#8221; use_custom_heading=&#8221;true&#8221;]<\/p>\n<h4>La risposta \u00e8 affermativa. Anche i soggetti astigmatici possono utilizzare le lenti a contatto che correggono il loro difetto refrattivo. E&#8217; fondamentale per\u00f2 individuare la tipologia di lente a contatto corretta con il professionista.<\/h4>\n<p>[\/vc_toggle][vc_separator style=&#8221;shadow&#8221; border_width=&#8221;4&#8243;][vc_toggle title=&#8221;Qual \u00e8 la differenza tra lenti a contatto toriche e lenti a contatto per l\u2019astigmatismo?&#8221; style=&#8221;round_outline&#8221; color=&#8221;turquoise&#8221; size=&#8221;lg&#8221; custom_use_theme_fonts=&#8221;yes&#8221; use_custom_heading=&#8221;true&#8221;]<\/p>\n<h4>Non c&#8217;\u00e8 nessuna differenza. Dire che un soggetto utilizza lenti a contatto con astigmastismo o lenti a contatto toriche \u00e8 la medesima cosa in quanto evidenziano entrambi i termini il difetto rifrattivo dell&#8217;astigmatismo.<\/h4>\n<p>[\/vc_toggle][vc_separator style=&#8221;shadow&#8221; border_width=&#8221;4&#8243;][vc_toggle title=&#8221;Se ho subito un intervento di chirurgia rifrattiva con laser, posso ancora portare le lenti a contatto?&#8221; style=&#8221;round_outline&#8221; color=&#8221;turquoise&#8221; size=&#8221;lg&#8221; custom_use_theme_fonts=&#8221;yes&#8221; use_custom_heading=&#8221;true&#8221;]<\/p>\n<h4>Si ,ma non in tutti i casi. Sarebbe opportuno prima di indossare nuovamente delle lenti a contatto, avere il via libera da uno specialista che accerti il benessere dell&#8217;occhio.<\/h4>\n<p>[\/vc_toggle][\/vc_column][\/vc_row][vc_row bgtype=&#8221;dark&#8221; parallax=&#8221;true&#8221; css=&#8221;.vc_custom_1624092895444{background-image: url(https:\/\/nanniottica.it\/wp-content\/uploads\/2021\/04\/Ottica-Nanni-Bologna-42.jpg?id=52) !important;background-position: center;background-repeat: no-repeat;background-size:cover;}&#8221;][vc_column width=&#8221;1\/2&#8243;][vc_empty_space height=&#8221;100px&#8221;][vc_toggle title=&#8221;Che et\u00e0 si deve avere per iniziare a portare le lenti a contatto?&#8221; style=&#8221;rounded&#8221; custom_font_container=&#8221;tag:h3|text_align:left|color:%23ffffff&#8221; custom_google_fonts=&#8221;font_family:Lato%3A100%2C100italic%2C300%2C300italic%2Cregular%2Citalic%2C700%2C700italic%2C900%2C900italic|font_style:400%20regular%3A400%3Anormal&#8221; use_custom_heading=&#8221;true&#8221;]<\/p>\n<h5>Non c&#8217;\u00e8 un&#8217;et\u00e0 precisa per iniziare ad indossare le lenti a contatto,bisogna per\u00f2 prima di effettuare una prova confrontarsi con uno specialista che dia il via libera per iniziare ad indossarle.<\/h5>\n<p>[\/vc_toggle][vc_separator style=&#8221;shadow&#8221; border_width=&#8221;4&#8243;][vc_toggle title=&#8221;Le lenti a contatto possono finire dietro l\u2019occhio?&#8221; style=&#8221;rounded&#8221; custom_font_container=&#8221;tag:h3|text_align:left|color:%23ffffff&#8221; custom_google_fonts=&#8221;font_family:Lato%3A100%2C100italic%2C300%2C300italic%2Cregular%2Citalic%2C700%2C700italic%2C900%2C900italic|font_style:400%20regular%3A400%3Anormal&#8221; use_custom_heading=&#8221;true&#8221;]E&#8217; assolutamente impossibile per l&#8217;anatomia dell&#8217;occhio. La lente a contatto pu\u00f2 nascondersi sotto la palpebra superiore causando fastidio e sensazione di corpo estraneo, ma non pu\u00f2 finire dietro l&#8217;orbita.[\/vc_toggle][vc_separator style=&#8221;shadow&#8221; border_width=&#8221;4&#8243;][vc_toggle title=&#8221;La lente a contatto pu\u00f2 saltare fuori dall\u2019occhio?&#8221; style=&#8221;rounded&#8221; custom_font_container=&#8221;tag:h3|text_align:left|color:%23ffffff&#8221; custom_google_fonts=&#8221;font_family:Lato%3A100%2C100italic%2C300%2C300italic%2Cregular%2Citalic%2C700%2C700italic%2C900%2C900italic|font_style:400%20regular%3A400%3Anormal&#8221; use_custom_heading=&#8221;true&#8221;]\u00c8 raro ma pu\u00f2 succedere. Spesso accade se non \u00e8 stata bene inserita oppure a seguito di un trauma[\/vc_toggle][vc_separator style=&#8221;shadow&#8221; border_width=&#8221;4&#8243;][vc_toggle title=&#8221;La lente a contatto pu\u00f2 graffiarmi l\u2019occhio?&#8221; style=&#8221;rounded&#8221; custom_font_container=&#8221;tag:h3|text_align:left|color:%23ffffff&#8221; custom_google_fonts=&#8221;font_family:Lato%3A100%2C100italic%2C300%2C300italic%2Cregular%2Citalic%2C700%2C700italic%2C900%2C900italic|font_style:400%20regular%3A400%3Anormal&#8221; use_custom_heading=&#8221;true&#8221;]\u00c8 improbabile che si verifichi questo tipo di problematica. C&#8217;\u00e8 da dire per\u00f2 che le lenti a contatto non utilizzate in maniera corretta possono provocare numerose infezioni rompendo l&#8217;equilibrio tra occhio e lente a contatto stessa.[\/vc_toggle][vc_separator style=&#8221;shadow&#8221; border_width=&#8221;4&#8243;][vc_toggle title=&#8221;Esistono lenti a contatto per vedere bene da lontano e da vicino quando si diventa presbiti dopo i 40 anni circa?&#8221; style=&#8221;rounded&#8221; custom_font_container=&#8221;tag:h3|text_align:left|color:%23ffffff&#8221; custom_google_fonts=&#8221;font_family:Lato%3A100%2C100italic%2C300%2C300italic%2Cregular%2Citalic%2C700%2C700italic%2C900%2C900italic|font_style:400%20regular%3A400%3Anormal&#8221; use_custom_heading=&#8221;true&#8221;]Si. Esistono le lenti a contatto progressive che consentono di vedere bene da lontano e da vicino con la stessa lente. E&#8217; necessario rivolgersi ad un ottico contattologo che sappia guidarvi nella corretta scelta della lente a contatto in quanto la procedura per determinare la corretta gradazione non \u00e8 la stessa che si applica per le lenti degli occhiali.[\/vc_toggle][vc_separator style=&#8221;shadow&#8221; border_width=&#8221;4&#8243;][vc_toggle title=&#8221;Le infezioni agli occhi sono frequenti portando le lenti a contatto?&#8221; style=&#8221;rounded&#8221; custom_font_container=&#8221;tag:h3|text_align:left|color:%23ffffff&#8221; custom_google_fonts=&#8221;font_family:Lato%3A100%2C100italic%2C300%2C300italic%2Cregular%2Citalic%2C700%2C700italic%2C900%2C900italic|font_style:400%20regular%3A400%3Anormal&#8221; use_custom_heading=&#8221;true&#8221;]Le lenti a contatto se non utilizzate in maniera corretta o se non si segue un&#8217;adeguata manutenzione possono creare numerose infezioni. Anche l&#8217;utilizzo eccessivo pu\u00f2 essere un primo segnale di\u00a0 poco comfort tra occhio e lente a contatto. La lente a contatto in se non crea problemi, spesso i disguidi ci sono a seguito di una non corretta gestione del loro utilizzo.[\/vc_toggle][\/vc_column][vc_column width=&#8221;1\/2&#8243;][vc_empty_space height=&#8221;100px&#8221;][vc_toggle title=&#8221;Come interferiscono le allergie con le lenti a contatto?&#8221; style=&#8221;rounded&#8221; custom_font_container=&#8221;tag:h3|text_align:left|color:%23ffffff&#8221; custom_google_fonts=&#8221;font_family:Lato%3A100%2C100italic%2C300%2C300italic%2Cregular%2Citalic%2C700%2C700italic%2C900%2C900italic|font_style:400%20regular%3A400%3Anormal&#8221; use_custom_heading=&#8221;true&#8221;]In concomitanza con delle forme di allergie stagionali \u00e8 opportuno limitare o sospendre l&#8217;utilizzo delle lenti a contatto. Gli occhi risulteranno essere pi\u00f9 arrossati e sensibili. E&#8217; consigliabile utilizzare per lo meno delle lenti a contatto a ricambio giornaliero, limitando la presenza di cariche batteriche che potrebbero depositarsi sulla stessa, visto la presenza di allergeni anche nell&#8217;aria.[\/vc_toggle][vc_separator style=&#8221;shadow&#8221; border_width=&#8221;4&#8243;][vc_toggle title=&#8221;Cos\u2019\u00e8 il diametro delle lenti a contatto?&#8221; style=&#8221;rounded&#8221; custom_font_container=&#8221;tag:h3|text_align:left|color:%23ffffff&#8221; custom_google_fonts=&#8221;font_family:Lato%3A100%2C100italic%2C300%2C300italic%2Cregular%2Citalic%2C700%2C700italic%2C900%2C900italic|font_style:400%20regular%3A400%3Anormal&#8221; use_custom_heading=&#8221;true&#8221;]Il diametro di una lente a contatto determina la grandezza della lente stessa. Pu\u00f2 variare mediamente dai 13 mm ai 15 mm per le lenti a contatto morbide e dai 9 mm ai 10 mm nelle lenti a contatto rigide.[\/vc_toggle][vc_separator style=&#8221;shadow&#8221; border_width=&#8221;4&#8243;][vc_toggle title=&#8221;Posso continuare a usare gli occhiali se inizio a usare le lenti a contatto?&#8221; style=&#8221;rounded&#8221; custom_font_container=&#8221;tag:h3|text_align:left|color:%23ffffff&#8221; custom_google_fonts=&#8221;font_family:Lato%3A100%2C100italic%2C300%2C300italic%2Cregular%2Citalic%2C700%2C700italic%2C900%2C900italic|font_style:400%20regular%3A400%3Anormal&#8221; use_custom_heading=&#8221;true&#8221;]L&#8217;utilizzo delle lenti a contatto non deve essere un elemento sostitutivo all&#8217;occhiale ma bens\u00ec un prodotto alternativo, che ci permette di compiere attivit\u00e0 che con l&#8217;occhiale sarebbe pi\u00f9 complicato effettuare.[\/vc_toggle][vc_separator style=&#8221;shadow&#8221; border_width=&#8221;4&#8243;][vc_toggle title=&#8221;Posso indossare le lenti per praticare sport o altre attivit\u00e0?&#8221; style=&#8221;rounded&#8221; custom_font_container=&#8221;tag:h3|text_align:left|color:%23ffffff&#8221; custom_google_fonts=&#8221;font_family:Lato%3A100%2C100italic%2C300%2C300italic%2Cregular%2Citalic%2C700%2C700italic%2C900%2C900italic|font_style:400%20regular%3A400%3Anormal&#8221; use_custom_heading=&#8221;true&#8221;]La risposta \u00e8 affermativa. Le lenti a contatto ci permettono di effettuare numerose attivit\u00e0 che con gli occhiali risulterebbe essere pi\u00f9 scomode.[\/vc_toggle][vc_separator style=&#8221;shadow&#8221; border_width=&#8221;4&#8243;][vc_toggle title=&#8221;Posso dormire con le lenti a contatto?&#8221; style=&#8221;rounded&#8221; custom_font_container=&#8221;tag:h3|text_align:left|color:%23ffffff&#8221; custom_google_fonts=&#8221;font_family:Lato%3A100%2C100italic%2C300%2C300italic%2Cregular%2Citalic%2C700%2C700italic%2C900%2C900italic|font_style:400%20regular%3A400%3Anormal&#8221; use_custom_heading=&#8221;true&#8221;]La risposta \u00e8 quasi sempre negativa. E&#8217; bene non dormire con le lenti a contatto per fare respirare maggiormente l&#8217;occhio durante la notte, altrimenti tra la lente a contatto e la palpebra superiore chiusa il ricambio di ossigeno sarebbe limitato. Esistono per\u00f2 alcuni casi specifici in cui si pu\u00f2 portare la lente a contatto anche di notte, ma per necessit\u00e0 particolari, e in ogni caso deve essere approvato dallo specialista.[\/vc_toggle][vc_separator style=&#8221;shadow&#8221; border_width=&#8221;4&#8243;][vc_toggle title=&#8221;Cosa devo fare se le lenti mi danno fastidio?&#8221; style=&#8221;rounded&#8221; custom_font_container=&#8221;tag:h3|text_align:left|color:%23ffffff&#8221; custom_google_fonts=&#8221;font_family:Lato%3A100%2C100italic%2C300%2C300italic%2Cregular%2Citalic%2C700%2C700italic%2C900%2C900italic|font_style:400%20regular%3A400%3Anormal&#8221; use_custom_heading=&#8221;true&#8221;]Sospenderne l&#8217;utilizzo ed effettuare un controllo approfondito con lo specialista per trovare la soluzione pi\u00f9 adatta e confortevole. Le lenti a contatto devono garantire comfort e benessere visivo.[\/vc_toggle][vc_separator style=&#8221;shadow&#8221; border_width=&#8221;4&#8243;][vc_toggle title=&#8221;Mi sembra che la lente si sia \u2018persa\u2019 nell\u2019occhio. Cosa devo fare?&#8221; style=&#8221;rounded&#8221; custom_font_container=&#8221;tag:h3|text_align:left|color:%23ffffff&#8221; custom_google_fonts=&#8221;font_family:Lato%3A100%2C100italic%2C300%2C300italic%2Cregular%2Citalic%2C700%2C700italic%2C900%2C900italic|font_style:400%20regular%3A400%3Anormal&#8221; use_custom_heading=&#8221;true&#8221;]\u00c8 raro che una lente a contatto si perda nell&#8217;occhio. Pu\u00f2 infilarsi nella palpebra superiore provocando fastidio e sensazione di corpo estraniatosi pu\u00f2 fare un bagno oculare mettendo abbondanti gocce di lacrime artificiali per favorire l&#8217;eventuale fuoriuscita della lente, oppure rivolgersi allo specialista che sapr\u00e0 come indicarvi.[\/vc_toggle][\/vc_column][\/vc_row][vc_row][vc_column][vc_toggle title=&#8221;Cosa devo fare se non vedo bene, anche con le lenti a contatto?&#8221; style=&#8221;round_outline&#8221; color=&#8221;turquoise&#8221; size=&#8221;lg&#8221; custom_use_theme_fonts=&#8221;yes&#8221; use_custom_heading=&#8221;true&#8221;]<\/p>\n<h4>Effettuare un esame visivo curato e minuzioso per verificare la gradazione delle lenti a contatto ed eventualmente modificarne il materiale o il ricambio.<\/h4>\n<p>[\/vc_toggle][vc_separator style=&#8221;shadow&#8221; border_width=&#8221;4&#8243;][vc_toggle title=&#8221;Posso usare il collirio o le lacrime artificiali se porto le lenti a contatto?&#8221; style=&#8221;round_outline&#8221; color=&#8221;turquoise&#8221; size=&#8221;lg&#8221; custom_use_theme_fonts=&#8221;yes&#8221; use_custom_heading=&#8221;true&#8221;]<\/p>\n<h4>Le lenti a contatto morbide pur essendo molto idratate e permeabili all&#8217;ossigeno possono perdere la loro idratazione e freschezza. Si possono utilizzare delle gocce idratanti e umettanti che ripristinano l&#8217;equilibrio della stessa favorendo di nuovo l&#8217;idratazione che si era persa.<\/h4>\n<p>[\/vc_toggle][vc_separator style=&#8221;shadow&#8221; border_width=&#8221;4&#8243;][vc_toggle title=&#8221;Gli occhi devono fare una pausa dalle lenti a contatto? Hanno bisogno di tempo per \u2018respirare\u2019?&#8221; style=&#8221;round_outline&#8221; color=&#8221;turquoise&#8221; size=&#8221;lg&#8221; custom_use_theme_fonts=&#8221;yes&#8221; use_custom_heading=&#8221;true&#8221;]<\/p>\n<h4>L&#8217;utilizzo delle lenti a contatto non deve essere visto come prodotto sostitutivo all&#8217;occhiale o addirittura effettuare un \u201cabuso\u201d delle lenti a contatto stesse. Le lenti a contatto devono essere utilizzate in maniera adeguata effettuando delle pause di utilizzo, in modo tale che il benessere dell&#8217;occhio non si alteri.<\/h4>\n<p>[\/vc_toggle][vc_separator style=&#8221;shadow&#8221; border_width=&#8221;4&#8243;][vc_toggle title=&#8221;\u00c8 difficile la manutenzione delle lenti a contatto?&#8221; style=&#8221;round_outline&#8221; color=&#8221;turquoise&#8221; size=&#8221;lg&#8221; custom_use_theme_fonts=&#8221;yes&#8221; use_custom_heading=&#8221;true&#8221;]<\/p>\n<h4>Le lenti\u00a0 a contatto hanno bisogno di una corretta manutenzione per garantire maggiore comfort e limitare l&#8217;insorgenza di infezioni. Non \u00e8 difficile effettuare la manutenzione basta essere attenti e precisi e seguire le linee guida assegnate dal proprio ottico contattologo.<\/h4>\n<p>[\/vc_toggle][vc_separator style=&#8221;shadow&#8221; border_width=&#8221;4&#8243;][vc_toggle title=&#8221;Posso continuare a mettere le lenti a contatto scadute?&#8221; style=&#8221;round_outline&#8221; color=&#8221;turquoise&#8221; size=&#8221;lg&#8221; custom_use_theme_fonts=&#8221;yes&#8221; use_custom_heading=&#8221;true&#8221;]<\/p>\n<h4>La maggior parte dei prodotti hanno una data di scadenza che dobbiamo rispettare. Stessa cosa \u00e8 valevole nelle lenti a contatto una volta scadute \u00e8 necessario cestinarle.<\/h4>\n<p>[\/vc_toggle][vc_separator style=&#8221;shadow&#8221; border_width=&#8221;4&#8243;][vc_toggle title=&#8221;Mi sono dimenticato di cambiare le lenti a contatto in tempo. Cosa devo fare?&#8221; style=&#8221;round_outline&#8221; color=&#8221;turquoise&#8221; size=&#8221;lg&#8221; custom_use_theme_fonts=&#8221;yes&#8221; use_custom_heading=&#8221;true&#8221;]<\/p>\n<h4>Cestinarle e acquistare una nuova confezione.<\/h4>\n<p>[\/vc_toggle][vc_separator style=&#8221;shadow&#8221; border_width=&#8221;4&#8243;][vc_toggle title=&#8221;Perch\u00e9 devo cambiare le lenti nei tempi prescritti? Vanno ancora bene.&#8221; style=&#8221;round_outline&#8221; color=&#8221;turquoise&#8221; size=&#8221;lg&#8221; custom_use_theme_fonts=&#8221;yes&#8221; use_custom_heading=&#8221;true&#8221;]<\/p>\n<h4>Il materiale della lente a contatto dopo la data di scadenza tende a deteriorarsi lentamente e pu\u00f2 diventare pi\u00f9 facilmente un ricettacolo di batteri che posso provocare infezioni, anche gravi ai nostri occhi.<\/h4>\n<p>[\/vc_toggle][vc_separator style=&#8221;shadow&#8221; border_width=&#8221;4&#8243;][vc_toggle title=&#8221;Come capisco se ho bisogno degli occhiali?&#8221; style=&#8221;round_outline&#8221; color=&#8221;turquoise&#8221; size=&#8221;lg&#8221; custom_use_theme_fonts=&#8221;yes&#8221; use_custom_heading=&#8221;true&#8221;]<\/p>\n<h4>E&#8217; importante effettuare almeno una volta all&#8217;anno un esame visivo optometrico dal proprio ottico optometrista per verificare se c&#8217;\u00e8 bisogno di occhiali oppure se si \u00e8 gi\u00e0 portatori se \u00e8 necessario aggiornare le gradazioni, cos\u00ec come \u00e8 importante fare visita con la stessa frequenza al medico oculista che potr\u00e0 valutare lo stato di salute ed eventuali campanelli di allarme per la salute dei nostri occhi. Alcuni sintomi del peggioramento della vista possono essere : affaticamento visivo, mal di testa, difficolt\u00e0 nel mettere a fuco il cellulare o il computer, affaticamento nella guida o una visione peggiore di notte piuttosto che di giorno.<\/h4>\n<p>[\/vc_toggle][vc_separator style=&#8221;shadow&#8221; border_width=&#8221;4&#8243;][vc_toggle title=&#8221;Come funzionano gli occhiali progressivi?&#8221; style=&#8221;round_outline&#8221; color=&#8221;turquoise&#8221; size=&#8221;lg&#8221; custom_use_theme_fonts=&#8221;yes&#8221; use_custom_heading=&#8221;true&#8221;]<\/p>\n<h4>Gli occhiali con lenti progressive costituiscono la soluzione pi\u00f9 confortevole e moderna per correggere la presbiopia. Le lenti progressive si distinguono a malapena dalle normali lenti monofocali e, quindi, non rappresentano un elemento indicatore della tua et\u00e0. Con un unica lente abbiamo la possibilit\u00e0 di mettere a fuoco a tutte le distanze: lontano intermedio e vicino. Per una corretto utilizzo dell&#8217;occhiale \u00e8 fondamentale che l&#8217;ottico optometrista guidi il cliente nell&#8217;acquisto della tipologia di lente e montatura pi\u00f9 adatta<\/h4>\n<h4><\/h4>\n<p>[\/vc_toggle][vc_separator style=&#8221;shadow&#8221; border_width=&#8221;4&#8243;][vc_toggle title=&#8221;Quali sono gli occhiali giusti per lavorare al computer?&#8221; style=&#8221;round_outline&#8221; color=&#8221;turquoise&#8221; size=&#8221;lg&#8221; custom_use_theme_fonts=&#8221;yes&#8221; use_custom_heading=&#8221;true&#8221;]<\/p>\n<h4>Per qualsiasi tipologia di occhiale che serva per lavorare davanti a un monitor (PC, tablet, smartphone ecc&#8230;) \u00e8 molto importanti avere lenti con un adeguato trattamento antiriflesso. Il trattamento antiriflesso pi\u00f9 specifico \u00e8 quella chiamato \u201canti luce blu\u201d ,la tipologia di luce emessa da questi dispositivi digitali, che se non schermata con delle adeguate lenti pu\u00f2 affaticare la vista e favorire l&#8217;invecchiamento dei tessuti degli occhi. Se si \u00e8 sotto i 40anni si potranno utilizzare delle semplici lenti monofocali, con l&#8217;avvento della presbiopia poi potrebbe essere necessario un occhiale con la tecnologia \u201coffice\u201d, una sola lente che consente di mettere a fuoco la tastiera o comunque una distanza ravvicinata, fino a circa 1 mt per vedere nitido lo schermo del computer alla scrivania.<\/h4>\n<p>[\/vc_toggle][vc_separator style=&#8221;shadow&#8221; border_width=&#8221;4&#8243;][vc_toggle title=&#8221;Quali trattamenti superficiali o rivestimenti sono consigliati per le lenti?&#8221; style=&#8221;round_outline&#8221; color=&#8221;turquoise&#8221; size=&#8221;lg&#8221; custom_use_theme_fonts=&#8221;yes&#8221; use_custom_heading=&#8221;true&#8221;]<\/p>\n<h4>A seconda delle necessit\u00e0 i trattamenti pi\u00f9 utilizzati sono:<\/h4>\n<h4>DI INDURIMENTO E&#8217; la lente volgarmente detta \u201cantigraffio\u201d che \u00e8 trattata con una patina superficiale che la rende meno soggetta ai graffi e all&#8217;usura. Ovviamente questo non significa che \u00e8 una lente indistruttibile o che sar\u00e0 consentito utilizzare l&#8217;occhiale senza la sua custodia per riporlo.<\/h4>\n<h4>ANTIRIFLESSO: Questa tipologia di lente \u00e8 adatta ad ogni situazione e in generale la pi\u00f9 consigliabile. Permette una visione pi\u00f9 confortevole limitando l&#8217;abbagliamento delle luci artificiali e non artificiali. Consigliato in particolare alla guida, davanti ai monitor e in generale a tutti coloro che fanno un uso massiccio dell&#8217;occhiale.<\/h4>\n<h4>FOTOCROMATICO: Una unica lente che consenta di avere un occhiale graduato bianco da vista quando siamo in interno ma che diventi scuro quando ci troviamo all&#8217;esterno. Con un unico dispositivo avremo occhiali da vista e da sole. Le nuove colorazioni poi consentono di rimanere sempre alla moda anche quando la lente si scurisce.<\/h4>\n<p>[\/vc_toggle][vc_separator style=&#8221;shadow&#8221; border_width=&#8221;4&#8243;][vc_toggle title=&#8221;Come si puliscono correttamente gli occhiali?&#8221; style=&#8221;round_outline&#8221; color=&#8221;turquoise&#8221; size=&#8221;lg&#8221; custom_use_theme_fonts=&#8221;yes&#8221; use_custom_heading=&#8221;true&#8221;]<\/p>\n<h4>Per pulire correttamente gli occhiali senza graffiare le lenti \u00e8 opportuno utilizzare i panetti e i liquidi per la pulizia che si acquistano nei negozi di ottica. In alternativa sciacquarli sotto l&#8217;acqua e lavare le lenti con un sapone neutro delicato ed asciugarli con un panno morbido di cotone.<\/h4>\n<p>[\/vc_toggle][\/vc_column][\/vc_row]<\/p>\n","protected":false},"excerpt":{"rendered":"<p>[vc_row][vc_column][\/vc_column][\/vc_row][vc_row bgtype=&#8221;grey&#8221;][vc_column width=&#8221;1\/2&#8243;][vc_single_image image=&#8221;2535&#8243; img_size=&#8221;500*800&#8243; alignment=&#8221;center&#8221; style=&#8221;vc_box_shadow_3d&#8221; css_animation=&#8221;zoomIn&#8221;][\/vc_column][vc_column width=&#8221;1\/2&#8243;][vc_toggle title=&#8221;Qual \u00e8 La differenza tra lenti a contatto a ricambio frequente e lenti a contatto a uso prolungato?&#8221; style=&#8221;round_outline&#8221; color=&#8221;turquoise&#8221; size=&#8221;lg&#8221; open=&#8221;true&#8221; custom_font_container=&#8221;tag:h2|text_align:left|color:%23000000&#8243; custom_use_theme_fonts=&#8221;yes&#8221; use_custom_heading=&#8221;true&#8221;] Le lenti a contatto giornaliere come suggerisce il termine sono delle lenti a contatto monouso, pratiche e si cestinano a fine [&hellip;]<\/p>\n","protected":false},"author":1,"featured_media":0,"parent":0,"menu_order":0,"comment_status":"closed","ping_status":"closed","template":"","meta":{"footnotes":""},"class_list":["post-2841","page","type-page","status-publish","hentry"],"_links":{"self":[{"href":"https:\/\/nanniottica.it\/index.php\/wp-json\/wp\/v2\/pages\/2841","targetHints":{"allow":["GET"]}}],"collection":[{"href":"https:\/\/nanniottica.it\/index.php\/wp-json\/wp\/v2\/pages"}],"about":[{"href":"https:\/\/nanniottica.it\/index.php\/wp-json\/wp\/v2\/types\/page"}],"author":[{"embeddable":true,"href":"https:\/\/nanniottica.it\/index.php\/wp-json\/wp\/v2\/users\/1"}],"replies":[{"embeddable":true,"href":"https:\/\/nanniottica.it\/index.php\/wp-json\/wp\/v2\/comments?post=2841"}],"version-history":[{"count":29,"href":"https:\/\/nanniottica.it\/index.php\/wp-json\/wp\/v2\/pages\/2841\/revisions"}],"predecessor-version":[{"id":2992,"href":"https:\/\/nanniottica.it\/index.php\/wp-json\/wp\/v2\/pages\/2841\/revisions\/2992"}],"wp:attachment":[{"href":"https:\/\/nanniottica.it\/index.php\/wp-json\/wp\/v2\/media?parent=2841"}],"curies":[{"name":"wp","href":"https:\/\/api.w.org\/{rel}","templated":true}]}}